{"id":6421,"date":"2024-07-22T22:37:23","date_gmt":"2024-07-23T03:37:23","guid":{"rendered":"https:\/\/marymountbogota.edu.co\/revista-contacto-maestro\/?page_id=6421"},"modified":"2025-09-10T14:21:34","modified_gmt":"2025-09-10T19:21:34","slug":"comite-editorial","status":"publish","type":"page","link":"https:\/\/marymountbogota.edu.co\/revista-contacto-maestro\/comite-editorial\/","title":{"rendered":"Comit\u00e9 editorial"},"content":{"rendered":"\t\t<div data-elementor-type=\"wp-page\" data-elementor-id=\"6421\" class=\"elementor elementor-6421\" data-elementor-post-type=\"page\">\n\t\t\t\t<div class=\"elementor-element elementor-element-4f89d4e6 e-flex e-con-boxed e-con e-parent\" data-id=\"4f89d4e6\" data-element_type=\"container\">\n\t\t\t\t\t<div class=\"e-con-inner\">\n\t\t\t\t<div class=\"elementor-element elementor-element-037fb0b elementor-widget elementor-widget-heading\" data-id=\"037fb0b\" data-element_type=\"widget\" data-widget_type=\"heading.default\">\n\t\t\t\t<div class=\"elementor-widget-container\">\n\t\t\t<style>\/*! elementor - v3.23.0 - 25-07-2024 *\/\n.elementor-heading-title{padding:0;margin:0;line-height:1}.elementor-widget-heading .elementor-heading-title[class*=elementor-size-]>a{color:inherit;font-size:inherit;line-height:inherit}.elementor-widget-heading .elementor-heading-title.elementor-size-small{font-size:15px}.elementor-widget-heading .elementor-heading-title.elementor-size-medium{font-size:19px}.elementor-widget-heading .elementor-heading-title.elementor-size-large{font-size:29px}.elementor-widget-heading .elementor-heading-title.elementor-size-xl{font-size:39px}.elementor-widget-heading .elementor-heading-title.elementor-size-xxl{font-size:59px}<\/style><h3 class=\"elementor-heading-title elementor-size-default\">Comit\u00e9 editorial<\/h3>\t\t<\/div>\n\t\t\t\t<\/div>\n\t\t\t\t<div class=\"elementor-element elementor-element-09f6a23 elementor-widget-divider--view-line elementor-widget elementor-widget-divider\" data-id=\"09f6a23\" data-element_type=\"widget\" data-widget_type=\"divider.default\">\n\t\t\t\t<div class=\"elementor-widget-container\">\n\t\t\t<style>\/*! elementor - v3.23.0 - 25-07-2024 *\/\n.elementor-widget-divider{--divider-border-style:none;--divider-border-width:1px;--divider-color:#0c0d0e;--divider-icon-size:20px;--divider-element-spacing:10px;--divider-pattern-height:24px;--divider-pattern-size:20px;--divider-pattern-url:none;--divider-pattern-repeat:repeat-x}.elementor-widget-divider .elementor-divider{display:flex}.elementor-widget-divider .elementor-divider__text{font-size:15px;line-height:1;max-width:95%}.elementor-widget-divider .elementor-divider__element{margin:0 var(--divider-element-spacing);flex-shrink:0}.elementor-widget-divider .elementor-icon{font-size:var(--divider-icon-size)}.elementor-widget-divider .elementor-divider-separator{display:flex;margin:0;direction:ltr}.elementor-widget-divider--view-line_icon .elementor-divider-separator,.elementor-widget-divider--view-line_text .elementor-divider-separator{align-items:center}.elementor-widget-divider--view-line_icon .elementor-divider-separator:after,.elementor-widget-divider--view-line_icon .elementor-divider-separator:before,.elementor-widget-divider--view-line_text .elementor-divider-separator:after,.elementor-widget-divider--view-line_text .elementor-divider-separator:before{display:block;content:\"\";border-block-end:0;flex-grow:1;border-block-start:var(--divider-border-width) var(--divider-border-style) var(--divider-color)}.elementor-widget-divider--element-align-left .elementor-divider .elementor-divider-separator>.elementor-divider__svg:first-of-type{flex-grow:0;flex-shrink:100}.elementor-widget-divider--element-align-left .elementor-divider-separator:before{content:none}.elementor-widget-divider--element-align-left .elementor-divider__element{margin-left:0}.elementor-widget-divider--element-align-right .elementor-divider .elementor-divider-separator>.elementor-divider__svg:last-of-type{flex-grow:0;flex-shrink:100}.elementor-widget-divider--element-align-right .elementor-divider-separator:after{content:none}.elementor-widget-divider--element-align-right .elementor-divider__element{margin-right:0}.elementor-widget-divider--element-align-start .elementor-divider .elementor-divider-separator>.elementor-divider__svg:first-of-type{flex-grow:0;flex-shrink:100}.elementor-widget-divider--element-align-start .elementor-divider-separator:before{content:none}.elementor-widget-divider--element-align-start .elementor-divider__element{margin-inline-start:0}.elementor-widget-divider--element-align-end .elementor-divider .elementor-divider-separator>.elementor-divider__svg:last-of-type{flex-grow:0;flex-shrink:100}.elementor-widget-divider--element-align-end .elementor-divider-separator:after{content:none}.elementor-widget-divider--element-align-end .elementor-divider__element{margin-inline-end:0}.elementor-widget-divider:not(.elementor-widget-divider--view-line_text):not(.elementor-widget-divider--view-line_icon) .elementor-divider-separator{border-block-start:var(--divider-border-width) var(--divider-border-style) var(--divider-color)}.elementor-widget-divider--separator-type-pattern{--divider-border-style:none}.elementor-widget-divider--separator-type-pattern.elementor-widget-divider--view-line .elementor-divider-separator,.elementor-widget-divider--separator-type-pattern:not(.elementor-widget-divider--view-line) .elementor-divider-separator:after,.elementor-widget-divider--separator-type-pattern:not(.elementor-widget-divider--view-line) .elementor-divider-separator:before,.elementor-widget-divider--separator-type-pattern:not([class*=elementor-widget-divider--view]) .elementor-divider-separator{width:100%;min-height:var(--divider-pattern-height);-webkit-mask-size:var(--divider-pattern-size) 100%;mask-size:var(--divider-pattern-size) 100%;-webkit-mask-repeat:var(--divider-pattern-repeat);mask-repeat:var(--divider-pattern-repeat);background-color:var(--divider-color);-webkit-mask-image:var(--divider-pattern-url);mask-image:var(--divider-pattern-url)}.elementor-widget-divider--no-spacing{--divider-pattern-size:auto}.elementor-widget-divider--bg-round{--divider-pattern-repeat:round}.rtl .elementor-widget-divider .elementor-divider__text{direction:rtl}.e-con-inner>.elementor-widget-divider,.e-con>.elementor-widget-divider{width:var(--container-widget-width,100%);--flex-grow:var(--container-widget-flex-grow)}<\/style>\t\t<div class=\"elementor-divider\">\n\t\t\t<span class=\"elementor-divider-separator\">\n\t\t\t\t\t\t<\/span>\n\t\t<\/div>\n\t\t\t\t<\/div>\n\t\t\t\t<\/div>\n\t\t\t\t\t<\/div>\n\t\t\t\t<\/div>\n\t\t<div class=\"elementor-element elementor-element-15c6b8a e-flex e-con-boxed e-con e-parent\" data-id=\"15c6b8a\" data-element_type=\"container\">\n\t\t\t\t\t<div class=\"e-con-inner\">\n\t\t<div class=\"elementor-element elementor-element-358a165 e-con-full e-flex e-con e-child\" data-id=\"358a165\" data-element_type=\"container\">\n\t\t\t\t<\/div>\n\t\t<div class=\"elementor-element elementor-element-7c9d7eb e-con-full e-flex e-con e-child\" data-id=\"7c9d7eb\" data-element_type=\"container\">\n\t\t\t\t<div class=\"elementor-element elementor-element-fb6520f elementor-widget elementor-widget-text-editor\" data-id=\"fb6520f\" data-element_type=\"widget\" data-widget_type=\"text-editor.default\">\n\t\t\t\t<div class=\"elementor-widget-container\">\n\t\t\t<style>\/*! elementor - v3.23.0 - 25-07-2024 *\/\n.elementor-widget-text-editor.elementor-drop-cap-view-stacked .elementor-drop-cap{background-color:#69727d;color:#fff}.elementor-widget-text-editor.elementor-drop-cap-view-framed .elementor-drop-cap{color:#69727d;border:3px solid;background-color:transparent}.elementor-widget-text-editor:not(.elementor-drop-cap-view-default) .elementor-drop-cap{margin-top:8px}.elementor-widget-text-editor:not(.elementor-drop-cap-view-default) .elementor-drop-cap-letter{width:1em;height:1em}.elementor-widget-text-editor .elementor-drop-cap{float:left;text-align:center;line-height:1;font-size:50px}.elementor-widget-text-editor .elementor-drop-cap-letter{display:inline-block}<\/style>\t\t\t\t<p style=\"text-align: center; font-size: 17px;\"><strong>\u00c1ngela Botero Lince<\/strong><\/p><p style=\"text-align: center; font-size: 15px;\">Rectora<\/p>\t\t\t\t\t\t<\/div>\n\t\t\t\t<\/div>\n\t\t\t\t<\/div>\n\t\t<div class=\"elementor-element elementor-element-0b837e8 e-con-full e-flex e-con e-child\" data-id=\"0b837e8\" data-element_type=\"container\">\n\t\t\t\t<\/div>\n\t\t<div class=\"elementor-element elementor-element-2610caa e-con-full e-flex e-con e-child\" data-id=\"2610caa\" data-element_type=\"container\">\n\t\t\t\t<div class=\"elementor-element elementor-element-53917ad elementor-widget elementor-widget-text-editor\" data-id=\"53917ad\" data-element_type=\"widget\" data-widget_type=\"text-editor.default\">\n\t\t\t\t<div class=\"elementor-widget-container\">\n\t\t\t\t\t\t\t<p style=\"text-align: center; font-size: 17px;\"><strong>Departamento de Comunicaciones<\/strong><\/p><p style=\"text-align: center; font-size: 15px;\">Dise\u00f1o y publicaci\u00f3n<\/p><p style=\"text-align: center; font-size: 15px;\">\u00a0<\/p><p style=\"text-align: center; font-size: 17px;\"><strong>Edward Rozo Torres<\/strong><\/p><p style=\"text-align: center; font-size: 15px;\">Coordinador Centro de Conocimiento<\/p>\t\t\t\t\t\t<\/div>\n\t\t\t\t<\/div>\n\t\t\t\t<\/div>\n\t\t<div class=\"elementor-element elementor-element-ec10018 e-con-full e-flex e-con e-child\" data-id=\"ec10018\" data-element_type=\"container\">\n\t\t\t\t<div class=\"elementor-element elementor-element-ed519b5 elementor-widget elementor-widget-text-editor\" data-id=\"ed519b5\" data-element_type=\"widget\" data-widget_type=\"text-editor.default\">\n\t\t\t\t<div class=\"elementor-widget-container\">\n\t\t\t\t\t\t\t<p style=\"text-align: center; font-size: 17px;\"><strong>Luis Gabriel Pe\u00f1aloza<\/strong><\/p><p style=\"text-align: center; font-size: 15px;\">Gestor de Innovaci\u00f3n y Desarrollo<\/p><p style=\"text-align: center; font-size: 15px;\">\u00a0<\/p><p style=\"text-align: center; font-size: 17px;\"><strong>Leonardo Ni\u00f1o Espinosa<\/strong><\/p><p style=\"text-align: center; font-size: 15px;\">Jefe Departamento de Espa\u00f1ol<\/p>\t\t\t\t\t\t<\/div>\n\t\t\t\t<\/div>\n\t\t\t\t<\/div>\n\t\t<div class=\"elementor-element elementor-element-ada77ac e-con-full e-flex e-con e-child\" data-id=\"ada77ac\" data-element_type=\"container\">\n\t\t\t\t<div class=\"elementor-element elementor-element-ffc34a4 elementor-widget elementor-widget-text-editor\" data-id=\"ffc34a4\" data-element_type=\"widget\" data-widget_type=\"text-editor.default\">\n\t\t\t\t<div class=\"elementor-widget-container\">\n\t\t\t\t\t\t\t<p style=\"text-align: center; font-size: 17px;\"><strong>Marcela Montenegro G\u00f3mez<\/strong><\/p>\n<p style=\"text-align: center; font-size: 15px;\">Jefe Departamento de Ingl\u00e9s<\/p><p style=\"text-align: center; font-size: 15px;\"><br><\/p>\n<p style=\"text-align: center; font-size: 17px;\"><strong>Yineth Johanna Burbano<\/strong><\/p>\n<p style=\"text-align: center; font-size: 15px;\">Bibliotec\u00f3loga Servicios de Informaci\u00f3n<\/p>\t\t\t\t\t\t<\/div>\n\t\t\t\t<\/div>\n\t\t\t\t<\/div>\n\t\t\t\t\t<\/div>\n\t\t\t\t<\/div>\n\t\t\t\t<\/div>\n\t\t","protected":false},"excerpt":{"rendered":"<div class=\"tmnf_excerpt\">Comit\u00e9 editorial \u00c1ngela Botero Lince Rectora Departamento de Comunicaciones Dise\u00f1o y publicaci\u00f3n \u00a0 Edward Rozo Torres Coordinador Centro de Conocimiento Luis Gabriel Pe\u00f1aloza Gestor de Innovaci\u00f3n y Desarrollo \u00a0 Leonardo Ni\u00f1o Espinosa Jefe Departamento de Espa\u00f1ol Marcela Montenegro G\u00f3mez Jefe Departamento de Ingl\u00e9s Yineth Johanna Burbano Bibliotec\u00f3loga Servicios de Informaci\u00f3n\n<\/div>","protected":false},"author":1,"featured_media":0,"parent":0,"menu_order":0,"comment_status":"closed","ping_status":"closed","template":"elementor_header_footer","meta":{"footnotes":""},"class_list":["post-6421","page","type-page","status-publish","hentry"],"yoast_head":"<!-- This site is optimized with the Yoast SEO plugin v23.1 - https:\/\/yoast.com\/wordpress\/plugins\/seo\/ -->\n<title>Comit\u00e9 editorial - Revista Contacto Maestro<\/title>\n<meta name=\"description\" content=\"Comit\u00e9 editorial - Revista Contacto Maestro\" \/>\n<meta name=\"robots\" content=\"index, follow, max-snippet:-1, max-image-preview:large, max-video-preview:-1\" \/>\n<link rel=\"canonical\" href=\"https:\/\/marymountbogota.edu.co\/revista-contacto-maestro\/comite-editorial\/\" \/>\n<meta property=\"og:locale\" content=\"es_ES\" \/>\n<meta property=\"og:type\" content=\"article\" \/>\n<meta property=\"og:title\" content=\"Comit\u00e9 editorial - Revista Contacto Maestro\" \/>\n<meta property=\"og:description\" content=\"Comit\u00e9 editorial - Revista Contacto Maestro\" \/>\n<meta property=\"og:url\" content=\"https:\/\/marymountbogota.edu.co\/revista-contacto-maestro\/comite-editorial\/\" \/>\n<meta property=\"og:site_name\" content=\"Revista Contacto Maestro\" \/>\n<meta property=\"article:modified_time\" content=\"2025-09-10T19:21:34+00:00\" \/>\n<meta name=\"twitter:card\" content=\"summary_large_image\" \/>\n<meta name=\"twitter:label1\" content=\"Tiempo de lectura\" \/>\n\t<meta name=\"twitter:data1\" content=\"1 minuto\" \/>\n<script type=\"application\/ld+json\" class=\"yoast-schema-graph\">{\"@context\":\"https:\/\/schema.org\",\"@graph\":[{\"@type\":[\"Article\",\"BlogPosting\"],\"@id\":\"https:\/\/marymountbogota.edu.co\/revista-contacto-maestro\/comite-editorial\/#article\",\"isPartOf\":{\"@id\":\"https:\/\/marymountbogota.edu.co\/revista-contacto-maestro\/comite-editorial\/\"},\"author\":{\"name\":\"pubmaryadmin\",\"@id\":\"https:\/\/marymountbogota.edu.co\/revista-contacto-maestro\/#\/schema\/person\/0c151627d88fa33c54fea0cab5acb1dc\"},\"headline\":\"Comit\u00e9 editorial\",\"datePublished\":\"2024-07-23T03:37:23+00:00\",\"dateModified\":\"2025-09-10T19:21:34+00:00\",\"mainEntityOfPage\":{\"@id\":\"https:\/\/marymountbogota.edu.co\/revista-contacto-maestro\/comite-editorial\/\"},\"wordCount\":60,\"publisher\":{\"@id\":\"https:\/\/marymountbogota.edu.co\/revista-contacto-maestro\/#organization\"},\"inLanguage\":\"es-CO\"},{\"@type\":[\"WebPage\",\"ItemPage\"],\"@id\":\"https:\/\/marymountbogota.edu.co\/revista-contacto-maestro\/comite-editorial\/\",\"url\":\"https:\/\/marymountbogota.edu.co\/revista-contacto-maestro\/comite-editorial\/\",\"name\":\"Comit\u00e9 editorial - Revista Contacto Maestro\",\"isPartOf\":{\"@id\":\"https:\/\/marymountbogota.edu.co\/revista-contacto-maestro\/#website\"},\"datePublished\":\"2024-07-23T03:37:23+00:00\",\"dateModified\":\"2025-09-10T19:21:34+00:00\",\"description\":\"Comit\u00e9 editorial - Revista Contacto Maestro\",\"breadcrumb\":{\"@id\":\"https:\/\/marymountbogota.edu.co\/revista-contacto-maestro\/comite-editorial\/#breadcrumb\"},\"inLanguage\":\"es-CO\",\"potentialAction\":[{\"@type\":\"ReadAction\",\"target\":[\"https:\/\/marymountbogota.edu.co\/revista-contacto-maestro\/comite-editorial\/\"]}]},{\"@type\":\"BreadcrumbList\",\"@id\":\"https:\/\/marymountbogota.edu.co\/revista-contacto-maestro\/comite-editorial\/#breadcrumb\",\"itemListElement\":[{\"@type\":\"ListItem\",\"position\":1,\"name\":\"Inicio\",\"item\":\"https:\/\/marymountbogota.edu.co\/revista-contacto-maestro\/\"},{\"@type\":\"ListItem\",\"position\":2,\"name\":\"Comit\u00e9 editorial\"}]},{\"@type\":\"WebSite\",\"@id\":\"https:\/\/marymountbogota.edu.co\/revista-contacto-maestro\/#website\",\"url\":\"https:\/\/marymountbogota.edu.co\/revista-contacto-maestro\/\",\"name\":\"Revista Contacto Maestro | Colegio Marymount\",\"description\":\"Revista del Colegio Marymount de Bogot\u00e1\",\"publisher\":{\"@id\":\"https:\/\/marymountbogota.edu.co\/revista-contacto-maestro\/#organization\"},\"alternateName\":\"Revista Contacto Maestro\",\"potentialAction\":[{\"@type\":\"SearchAction\",\"target\":{\"@type\":\"EntryPoint\",\"urlTemplate\":\"https:\/\/marymountbogota.edu.co\/revista-contacto-maestro\/?s={search_term_string}\"},\"query-input\":\"required name=search_term_string\"}],\"inLanguage\":\"es-CO\"},{\"@type\":\"Organization\",\"@id\":\"https:\/\/marymountbogota.edu.co\/revista-contacto-maestro\/#organization\",\"name\":\"Revista Contacto Maestro | Colegio Marymount\",\"url\":\"https:\/\/marymountbogota.edu.co\/revista-contacto-maestro\/\",\"logo\":{\"@type\":\"ImageObject\",\"inLanguage\":\"es-CO\",\"@id\":\"https:\/\/marymountbogota.edu.co\/revista-contacto-maestro\/#\/schema\/logo\/image\/\",\"url\":\"https:\/\/marymountbogota.edu.co\/revista-contacto-maestro\/wp-content\/uploads\/2024\/07\/cropped-Logo-Contacto-maestro-400.png\",\"contentUrl\":\"https:\/\/marymountbogota.edu.co\/revista-contacto-maestro\/wp-content\/uploads\/2024\/07\/cropped-Logo-Contacto-maestro-400.png\",\"width\":400,\"height\":90,\"caption\":\"Revista Contacto Maestro | Colegio Marymount\"},\"image\":{\"@id\":\"https:\/\/marymountbogota.edu.co\/revista-contacto-maestro\/#\/schema\/logo\/image\/\"}},{\"@type\":\"Person\",\"@id\":\"https:\/\/marymountbogota.edu.co\/revista-contacto-maestro\/#\/schema\/person\/0c151627d88fa33c54fea0cab5acb1dc\",\"name\":\"pubmaryadmin\",\"image\":{\"@type\":\"ImageObject\",\"inLanguage\":\"es-CO\",\"@id\":\"https:\/\/marymountbogota.edu.co\/revista-contacto-maestro\/#\/schema\/person\/image\/4df78208e0c27e1586f0e47cbbd5c265\",\"url\":\"https:\/\/secure.gravatar.com\/avatar\/5b064b564b2425d98be33e6d0a0c0c85eac4d9916d298e17481bc8674e38a02e?s=96&d=mm&r=g\",\"contentUrl\":\"https:\/\/secure.gravatar.com\/avatar\/5b064b564b2425d98be33e6d0a0c0c85eac4d9916d298e17481bc8674e38a02e?s=96&d=mm&r=g\",\"caption\":\"pubmaryadmin\"},\"sameAs\":[\"https:\/\/marymountbogota.edu.co\/revista-contacto-maestro\"],\"url\":\"https:\/\/marymountbogota.edu.co\/revista-contacto-maestro\/author\/pubmaryadmin\/\"}]}<\/script>\n<!-- \/ Yoast SEO plugin. -->","yoast_head_json":{"title":"Comit\u00e9 editorial - Revista Contacto Maestro","description":"Comit\u00e9 editorial - Revista Contacto Maestro","robots":{"index":"index","follow":"follow","max-snippet":"max-snippet:-1","max-image-preview":"max-image-preview:large","max-video-preview":"max-video-preview:-1"},"canonical":"https:\/\/marymountbogota.edu.co\/revista-contacto-maestro\/comite-editorial\/","og_locale":"es_ES","og_type":"article","og_title":"Comit\u00e9 editorial - Revista Contacto Maestro","og_description":"Comit\u00e9 editorial - Revista Contacto Maestro","og_url":"https:\/\/marymountbogota.edu.co\/revista-contacto-maestro\/comite-editorial\/","og_site_name":"Revista Contacto Maestro","article_modified_time":"2025-09-10T19:21:34+00:00","twitter_card":"summary_large_image","twitter_misc":{"Tiempo de lectura":"1 minuto"},"schema":{"@context":"https:\/\/schema.org","@graph":[{"@type":["Article","BlogPosting"],"@id":"https:\/\/marymountbogota.edu.co\/revista-contacto-maestro\/comite-editorial\/#article","isPartOf":{"@id":"https:\/\/marymountbogota.edu.co\/revista-contacto-maestro\/comite-editorial\/"},"author":{"name":"pubmaryadmin","@id":"https:\/\/marymountbogota.edu.co\/revista-contacto-maestro\/#\/schema\/person\/0c151627d88fa33c54fea0cab5acb1dc"},"headline":"Comit\u00e9 editorial","datePublished":"2024-07-23T03:37:23+00:00","dateModified":"2025-09-10T19:21:34+00:00","mainEntityOfPage":{"@id":"https:\/\/marymountbogota.edu.co\/revista-contacto-maestro\/comite-editorial\/"},"wordCount":60,"publisher":{"@id":"https:\/\/marymountbogota.edu.co\/revista-contacto-maestro\/#organization"},"inLanguage":"es-CO"},{"@type":["WebPage","ItemPage"],"@id":"https:\/\/marymountbogota.edu.co\/revista-contacto-maestro\/comite-editorial\/","url":"https:\/\/marymountbogota.edu.co\/revista-contacto-maestro\/comite-editorial\/","name":"Comit\u00e9 editorial - Revista Contacto Maestro","isPartOf":{"@id":"https:\/\/marymountbogota.edu.co\/revista-contacto-maestro\/#website"},"datePublished":"2024-07-23T03:37:23+00:00","dateModified":"2025-09-10T19:21:34+00:00","description":"Comit\u00e9 editorial - Revista Contacto Maestro","breadcrumb":{"@id":"https:\/\/marymountbogota.edu.co\/revista-contacto-maestro\/comite-editorial\/#breadcrumb"},"inLanguage":"es-CO","potentialAction":[{"@type":"ReadAction","target":["https:\/\/marymountbogota.edu.co\/revista-contacto-maestro\/comite-editorial\/"]}]},{"@type":"BreadcrumbList","@id":"https:\/\/marymountbogota.edu.co\/revista-contacto-maestro\/comite-editorial\/#breadcrumb","itemListElement":[{"@type":"ListItem","position":1,"name":"Inicio","item":"https:\/\/marymountbogota.edu.co\/revista-contacto-maestro\/"},{"@type":"ListItem","position":2,"name":"Comit\u00e9 editorial"}]},{"@type":"WebSite","@id":"https:\/\/marymountbogota.edu.co\/revista-contacto-maestro\/#website","url":"https:\/\/marymountbogota.edu.co\/revista-contacto-maestro\/","name":"Revista Contacto Maestro | Colegio Marymount","description":"Revista del Colegio Marymount de Bogot\u00e1","publisher":{"@id":"https:\/\/marymountbogota.edu.co\/revista-contacto-maestro\/#organization"},"alternateName":"Revista Contacto Maestro","potentialAction":[{"@type":"SearchAction","target":{"@type":"EntryPoint","urlTemplate":"https:\/\/marymountbogota.edu.co\/revista-contacto-maestro\/?s={search_term_string}"},"query-input":"required name=search_term_string"}],"inLanguage":"es-CO"},{"@type":"Organization","@id":"https:\/\/marymountbogota.edu.co\/revista-contacto-maestro\/#organization","name":"Revista Contacto Maestro | Colegio Marymount","url":"https:\/\/marymountbogota.edu.co\/revista-contacto-maestro\/","logo":{"@type":"ImageObject","inLanguage":"es-CO","@id":"https:\/\/marymountbogota.edu.co\/revista-contacto-maestro\/#\/schema\/logo\/image\/","url":"https:\/\/marymountbogota.edu.co\/revista-contacto-maestro\/wp-content\/uploads\/2024\/07\/cropped-Logo-Contacto-maestro-400.png","contentUrl":"https:\/\/marymountbogota.edu.co\/revista-contacto-maestro\/wp-content\/uploads\/2024\/07\/cropped-Logo-Contacto-maestro-400.png","width":400,"height":90,"caption":"Revista Contacto Maestro | Colegio Marymount"},"image":{"@id":"https:\/\/marymountbogota.edu.co\/revista-contacto-maestro\/#\/schema\/logo\/image\/"}},{"@type":"Person","@id":"https:\/\/marymountbogota.edu.co\/revista-contacto-maestro\/#\/schema\/person\/0c151627d88fa33c54fea0cab5acb1dc","name":"pubmaryadmin","image":{"@type":"ImageObject","inLanguage":"es-CO","@id":"https:\/\/marymountbogota.edu.co\/revista-contacto-maestro\/#\/schema\/person\/image\/4df78208e0c27e1586f0e47cbbd5c265","url":"https:\/\/secure.gravatar.com\/avatar\/5b064b564b2425d98be33e6d0a0c0c85eac4d9916d298e17481bc8674e38a02e?s=96&d=mm&r=g","contentUrl":"https:\/\/secure.gravatar.com\/avatar\/5b064b564b2425d98be33e6d0a0c0c85eac4d9916d298e17481bc8674e38a02e?s=96&d=mm&r=g","caption":"pubmaryadmin"},"sameAs":["https:\/\/marymountbogota.edu.co\/revista-contacto-maestro"],"url":"https:\/\/marymountbogota.edu.co\/revista-contacto-maestro\/author\/pubmaryadmin\/"}]}},"_links":{"self":[{"href":"https:\/\/marymountbogota.edu.co\/revista-contacto-maestro\/wp-json\/wp\/v2\/pages\/6421","targetHints":{"allow":["GET"]}}],"collection":[{"href":"https:\/\/marymountbogota.edu.co\/revista-contacto-maestro\/wp-json\/wp\/v2\/pages"}],"about":[{"href":"https:\/\/marymountbogota.edu.co\/revista-contacto-maestro\/wp-json\/wp\/v2\/types\/page"}],"author":[{"embeddable":true,"href":"https:\/\/marymountbogota.edu.co\/revista-contacto-maestro\/wp-json\/wp\/v2\/users\/1"}],"replies":[{"embeddable":true,"href":"https:\/\/marymountbogota.edu.co\/revista-contacto-maestro\/wp-json\/wp\/v2\/comments?post=6421"}],"version-history":[{"count":17,"href":"https:\/\/marymountbogota.edu.co\/revista-contacto-maestro\/wp-json\/wp\/v2\/pages\/6421\/revisions"}],"predecessor-version":[{"id":7148,"href":"https:\/\/marymountbogota.edu.co\/revista-contacto-maestro\/wp-json\/wp\/v2\/pages\/6421\/revisions\/7148"}],"wp:attachment":[{"href":"https:\/\/marymountbogota.edu.co\/revista-contacto-maestro\/wp-json\/wp\/v2\/media?parent=6421"}],"curies":[{"name":"wp","href":"https:\/\/api.w.org\/{rel}","templated":true}]}}